{"id":335,"date":"2020-04-17T11:15:12","date_gmt":"2020-04-17T11:15:12","guid":{"rendered":"http:\/\/82.165.99.206\/sodemin?page_id=335"},"modified":"2023-10-19T14:40:04","modified_gmt":"2023-10-19T14:40:04","slug":"sodemin-arid-garden","status":"publish","type":"page","link":"https:\/\/sodemin.com\/fr\/sodemin-arid-garden\/","title":{"rendered":"Arid &#038; Garden"},"content":{"rendered":"<p>Sodemin propose une gamme de produits d\u00e9coratifs pour le jardin.<\/p>\n<p>Pour en savoir plus sur notre gamme de produits, continuez \u00e0 glisser ou t\u00e9l\u00e9chargez notre catalogue.<\/p>\n","protected":false},"excerpt":{"rendered":"<p>Sodemin propose une gamme de produits d\u00e9coratifs pour le jardin. Pour en savoir plus sur notre gamme de produits, continuez \u00e0 glisser ou t\u00e9l\u00e9chargez notre catalogue.<\/p>\n","protected":false},"author":1,"featured_media":504,"parent":0,"menu_order":3,"comment_status":"closed","ping_status":"closed","template":"page-templates\/aridGarden.php","meta":{"footnotes":""},"class_list":["post-335","page","type-page","status-publish","has-post-thumbnail","hentry"],"_links":{"self":[{"href":"https:\/\/sodemin.com\/fr\/wp-json\/wp\/v2\/pages\/335","targetHints":{"allow":["GET"]}}],"collection":[{"href":"https:\/\/sodemin.com\/fr\/wp-json\/wp\/v2\/pages"}],"about":[{"href":"https:\/\/sodemin.com\/fr\/wp-json\/wp\/v2\/types\/page"}],"author":[{"embeddable":true,"href":"https:\/\/sodemin.com\/fr\/wp-json\/wp\/v2\/users\/1"}],"replies":[{"embeddable":true,"href":"https:\/\/sodemin.com\/fr\/wp-json\/wp\/v2\/comments?post=335"}],"version-history":[{"count":2,"href":"https:\/\/sodemin.com\/fr\/wp-json\/wp\/v2\/pages\/335\/revisions"}],"predecessor-version":[{"id":878,"href":"https:\/\/sodemin.com\/fr\/wp-json\/wp\/v2\/pages\/335\/revisions\/878"}],"wp:featuredmedia":[{"embeddable":true,"href":"https:\/\/sodemin.com\/fr\/wp-json\/wp\/v2\/media\/504"}],"wp:attachment":[{"href":"https:\/\/sodemin.com\/fr\/wp-json\/wp\/v2\/media?parent=335"}],"curies":[{"name":"wp","href":"https:\/\/api.w.org\/{rel}","templated":true}]}}